{"id":186,"date":"2022-03-21T20:23:36","date_gmt":"2022-03-21T18:23:36","guid":{"rendered":"https:\/\/patinoarulmures.ro\/kozkorcsolyazas\/"},"modified":"2025-01-21T15:49:43","modified_gmt":"2025-01-21T13:49:43","slug":"kozkorcsolyazas","status":"publish","type":"page","link":"https:\/\/patinoarulmures.ro\/hu\/kozkorcsolyazas\/","title":{"rendered":"K\u00f6zkorcsoly\u00e1z\u00e1s"},"content":{"rendered":"<p>[vc_row][vc_column width=&#8221;1\/2&#8243;][vc_single_image image=&#8221;223&#8243; img_size=&#8221;full&#8221;][\/vc_column][vc_column width=&#8221;1\/2&#8243;]<div id=\"sc_content_395451536\"\r\n\t\tclass=\"sc_content sc_content_default sc_float_center sc_align_justify\"><div class=\"sc_content_container\">[vc_column_text]<\/p>\nDin prim\u0103vara anului 2022, dup\u0103 terminarea pandemiei, s-a ivit ocazia de a pune patinoarul la dispozi\u0163ia publicului doritor de a \u00eencerca acest sport de iarn\u0103.&#13;\n<p><\/p>Deocamdat\u0103 suntem deschi\u015fi pentru publicul larg \u00een perioada afi\u015fat\u0103. Prioritatea patinoarului acoperit cu balon este sportul de performan\u0163\u0103, \u00een special hocheiul. De aceea din c\u00e2nd-\u00een-c\u00e2nd s-ar putea, ca \u015fi \u00een week-end s\u0103 fie ocupat patinoarul cu diverse competi\u0163ii de hochei.&#13;\n<p><\/p>De aceea v\u0103 rug\u0103m s\u0103 urm\u0103ri\u0163i cu aten\u0163ie siteul noastru oficial, c\u00e2t \u015fi pagina de Facebook. Doritorii au posibilitatea s\u0103 \u00eenchirieze patine de (aproape) orice m\u0103rime, iar \u00een patinoar exist\u0103 posibilitatea de ascu\u0163ire a patinelor personale.&#13;\n<p><\/p>V\u0103 mul\u0163umim!&#13;\n<p><\/p><p>[\/vc_column_text]<\/div><\/div><!-- \/.sc_content -->[\/vc_column][\/vc_row][vc_row][vc_column][vc_empty_space height=&#8221;8em&#8221; alter_height=&#8221;none&#8221; hide_on_mobile=&#8221;&#8221;]<div id=\"sc_title_1695752975\"\r\n\t\tclass=\"sc_title sc_title_default\"><h3 class=\"sc_item_title sc_title_title sc_align_center sc_item_title_style_default sc_item_title_tag\">\u00c1rak<\/h3><\/div><!-- \/.sc_title -->[\/vc_column][\/vc_row][vc_row][vc_column width=&#8221;1\/5&#8243;]<div  id=\"sc_price_1078237187\" \r\n\tclass=\"sc_price sc_price_default\"><div class=\"sc_price_info\"><div class=\"sc_price_title\"><a href=\"#\">Feln\u0151tt jegy<\/a><\/div><div class=\"sc_price_price\">\r\n\t\t\t\t<span class=\"sc_price_value_bg\">20 RON\t\t\t\t<\/span>\r\n\t\t\t\t<span class=\"sc_price_value\">\r\n\t\t\t\t\t20 RON\t\t\t\t<\/span><\/div><\/div>\r\n<\/div>[\/vc_column][vc_column width=&#8221;1\/5&#8243;]<div  id=\"sc_price_2135096324\" \r\n\tclass=\"sc_price sc_price_default\"><div class=\"sc_price_info\"><div class=\"sc_price_title\"><a href=\"#\">Gyerek jegy<\/a><\/div><div class=\"sc_price_description\">(p\u00e2n\u0103 la 14 ani)<\/div><div class=\"sc_price_price\">\r\n\t\t\t\t<span class=\"sc_price_value_bg\">10 RON\t\t\t\t<\/span>\r\n\t\t\t\t<span class=\"sc_price_value\">\r\n\t\t\t\t\t10 RON\t\t\t\t<\/span><\/div><\/div>\r\n<\/div>[\/vc_column][vc_column width=&#8221;1\/5&#8243;]<div  id=\"sc_price_543830279\" \r\n\tclass=\"sc_price sc_price_default\"><div class=\"sc_price_info\"><div class=\"sc_price_title\"><a href=\"#\">Ice Disco<\/a><\/div><div class=\"sc_price_price\">\r\n\t\t\t\t<span class=\"sc_price_value_bg\">25 RON\t\t\t\t<\/span>\r\n\t\t\t\t<span class=\"sc_price_value\">\r\n\t\t\t\t\t25 RON\t\t\t\t<\/span><\/div><\/div>\r\n<\/div>[\/vc_column][vc_column width=&#8221;1\/5&#8243;]<div  id=\"sc_price_1666812525\" \r\n\tclass=\"sc_price sc_price_default\"><div class=\"sc_price_info\"><div class=\"sc_price_title\"><a href=\"#\">Fen\u00e9s<\/a><\/div><div class=\"sc_price_price\">\r\n\t\t\t\t<span class=\"sc_price_value_bg\">20 RON\t\t\t\t<\/span>\r\n\t\t\t\t<span class=\"sc_price_value\">\r\n\t\t\t\t\t20 RON\t\t\t\t<\/span><\/div><\/div>\r\n<\/div>[\/vc_column][vc_column width=&#8221;1\/5&#8243;]<div  id=\"sc_price_1223967548\" \r\n\tclass=\"sc_price sc_price_default\"><div class=\"sc_price_info\"><div class=\"sc_price_title\"><a href=\"#\">K\u00f6lcs\u00f6nz\u00e9s<\/a><\/div><div class=\"sc_price_price\">\r\n\t\t\t\t<span class=\"sc_price_value_bg\">20 RON\t\t\t\t<\/span>\r\n\t\t\t\t<span class=\"sc_price_value\">\r\n\t\t\t\t\t20 RON\t\t\t\t<\/span><\/div><\/div>\r\n<\/div>[\/vc_column][\/vc_row][vc_row][vc_column][vc_empty_space height=&#8221;4em&#8221; alter_height=&#8221;none&#8221; hide_on_mobile=&#8221;&#8221;][vc_column_text]<\/p>\n<p>Jegy\u00e1r 14 \u00e9v alatti gyermekek sz\u00e1m\u00e1ra 10 RON<br \/>Maximum <strong>200<\/strong> f\u0151!<\/p>\n<p>[\/vc_column_text][\/vc_column][\/vc_row]<\/p>\n","protected":false},"excerpt":{"rendered":"<p>[vc_row][vc_column width=&#8221;1\/2&#8243;][vc_single_image image=&#8221;223&#8243; img_size=&#8221;full&#8221;][\/vc_column][vc_column width=&#8221;1\/2&#8243;][\/vc_column][\/vc_row][vc_row][vc_column][vc_empty_space height=&#8221;8em&#8221; alter_height=&#8221;none&#8221; hide_on_mobile=&#8221;&#8221;][\/vc_column][\/vc_row][vc_row][vc_column width=&#8221;1\/5&#8243;][\/vc_column][vc_column width=&#8221;1\/5&#8243;][\/vc_column][vc_column width=&#8221;1\/5&#8243;][\/vc_column][vc_column width=&#8221;1\/5&#8243;][\/vc_column][vc_column width=&#8221;1\/5&#8243;][\/vc_column][\/vc_row][vc_row][vc_column][vc_empty_space height=&#8221;4em&#8221; alter_height=&#8221;none&#8221; hide_on_mobile=&#8221;&#8221;][vc_column_text] Jegy\u00e1r 14 \u00e9v alatti gyermekek sz\u00e1m\u00e1ra 10 RONMaximum 200 f\u0151! [\/vc_column_text][\/vc_column][\/vc_row]<\/p>\n","protected":false},"author":5,"featured_media":0,"parent":0,"menu_order":0,"comment_status":"closed","ping_status":"closed","template":"","meta":{"_monsterinsights_skip_tracking":false,"_monsterinsights_sitenote_active":false,"_monsterinsights_sitenote_note":"","_monsterinsights_sitenote_category":0,"footnotes":""},"class_list":["post-186","page","type-page","status-publish","hentry"],"yoast_head":"<!-- This site is optimized with the Yoast SEO plugin v27.4 - https:\/\/yoast.com\/product\/yoast-seo-wordpress\/ -->\n<title>K\u00f6zkorcsoly\u00e1z\u00e1s - Maros M\u0171j\u00e9gp\u00e1lya<\/title>\n<meta name=\"robots\" content=\"index, follow, max-snippet:-1, max-image-preview:large, max-video-preview:-1\" \/>\n<link rel=\"canonical\" href=\"https:\/\/patinoarulmures.ro\/hu\/kozkorcsolyazas\/\" \/>\n<meta property=\"og:locale\" content=\"hu_HU\" \/>\n<meta property=\"og:type\" content=\"article\" \/>\n<meta property=\"og:title\" content=\"K\u00f6zkorcsoly\u00e1z\u00e1s - Maros M\u0171j\u00e9gp\u00e1lya\" \/>\n<meta property=\"og:description\" content=\"[vc_row][vc_column width=&#8221;1\/2&#8243;][vc_single_image image=&#8221;223&#8243; img_size=&#8221;full&#8221;][\/vc_column][vc_column width=&#8221;1\/2&#8243;][\/vc_column][\/vc_row][vc_row][vc_column][vc_empty_space height=&#8221;8em&#8221; alter_height=&#8221;none&#8221; hide_on_mobile=&#8221;&#8221;][\/vc_column][\/vc_row][vc_row][vc_column width=&#8221;1\/5&#8243;][\/vc_column][vc_column width=&#8221;1\/5&#8243;][\/vc_column][vc_column width=&#8221;1\/5&#8243;][\/vc_column][vc_column width=&#8221;1\/5&#8243;][\/vc_column][vc_column width=&#8221;1\/5&#8243;][\/vc_column][\/vc_row][vc_row][vc_column][vc_empty_space height=&#8221;4em&#8221; alter_height=&#8221;none&#8221; hide_on_mobile=&#8221;&#8221;][vc_column_text] Jegy\u00e1r 14 \u00e9v alatti gyermekek sz\u00e1m\u00e1ra 10 RONMaximum 200 f\u0151! [\/vc_column_text][\/vc_column][\/vc_row]\" \/>\n<meta property=\"og:url\" content=\"https:\/\/patinoarulmures.ro\/hu\/kozkorcsolyazas\/\" \/>\n<meta property=\"og:site_name\" content=\"Maros M\u0171j\u00e9gp\u00e1lya\" \/>\n<meta property=\"article:publisher\" content=\"https:\/\/www.facebook.com\/szjamaros\" \/>\n<meta property=\"article:modified_time\" content=\"2025-01-21T13:49:43+00:00\" \/>\n<meta name=\"twitter:card\" content=\"summary_large_image\" \/>\n<meta name=\"twitter:label1\" content=\"Becs\u00fclt olvas\u00e1si id\u0151\" \/>\n\t<meta name=\"twitter:data1\" content=\"2 perc\" \/>\n<script type=\"application\/ld+json\" class=\"yoast-schema-graph\">{\"@context\":\"https:\\\/\\\/schema.org\",\"@graph\":[{\"@type\":\"WebPage\",\"@id\":\"https:\\\/\\\/patinoarulmures.ro\\\/hu\\\/kozkorcsolyazas\\\/\",\"url\":\"https:\\\/\\\/patinoarulmures.ro\\\/hu\\\/kozkorcsolyazas\\\/\",\"name\":\"K\u00f6zkorcsoly\u00e1z\u00e1s - Maros M\u0171j\u00e9gp\u00e1lya\",\"isPartOf\":{\"@id\":\"https:\\\/\\\/patinoarulmures.ro\\\/hu\\\/#website\"},\"datePublished\":\"2022-03-21T18:23:36+00:00\",\"dateModified\":\"2025-01-21T13:49:43+00:00\",\"breadcrumb\":{\"@id\":\"https:\\\/\\\/patinoarulmures.ro\\\/hu\\\/kozkorcsolyazas\\\/#breadcrumb\"},\"inLanguage\":\"hu\",\"potentialAction\":[{\"@type\":\"ReadAction\",\"target\":[\"https:\\\/\\\/patinoarulmures.ro\\\/hu\\\/kozkorcsolyazas\\\/\"]}]},{\"@type\":\"BreadcrumbList\",\"@id\":\"https:\\\/\\\/patinoarulmures.ro\\\/hu\\\/kozkorcsolyazas\\\/#breadcrumb\",\"itemListElement\":[{\"@type\":\"ListItem\",\"position\":1,\"name\":\"Prima pagin\u0103\",\"item\":\"https:\\\/\\\/patinoarulmures.ro\\\/hu\\\/\"},{\"@type\":\"ListItem\",\"position\":2,\"name\":\"K\u00f6zkorcsoly\u00e1z\u00e1s\"}]},{\"@type\":\"WebSite\",\"@id\":\"https:\\\/\\\/patinoarulmures.ro\\\/hu\\\/#website\",\"url\":\"https:\\\/\\\/patinoarulmures.ro\\\/hu\\\/\",\"name\":\"Maros M\u0171j\u00e9gp\u00e1lya\",\"description\":\"Patinoarul Mure\u0219 | Maros m\u0171j\u00e9gp\u00e1lya\",\"potentialAction\":[{\"@type\":\"SearchAction\",\"target\":{\"@type\":\"EntryPoint\",\"urlTemplate\":\"https:\\\/\\\/patinoarulmures.ro\\\/hu\\\/?s={search_term_string}\"},\"query-input\":{\"@type\":\"PropertyValueSpecification\",\"valueRequired\":true,\"valueName\":\"search_term_string\"}}],\"inLanguage\":\"hu\"}]}<\/script>\n<!-- \/ Yoast SEO plugin. -->","yoast_head_json":{"title":"K\u00f6zkorcsoly\u00e1z\u00e1s - Maros M\u0171j\u00e9gp\u00e1lya","robots":{"index":"index","follow":"follow","max-snippet":"max-snippet:-1","max-image-preview":"max-image-preview:large","max-video-preview":"max-video-preview:-1"},"canonical":"https:\/\/patinoarulmures.ro\/hu\/kozkorcsolyazas\/","og_locale":"hu_HU","og_type":"article","og_title":"K\u00f6zkorcsoly\u00e1z\u00e1s - Maros M\u0171j\u00e9gp\u00e1lya","og_description":"[vc_row][vc_column width=&#8221;1\/2&#8243;][vc_single_image image=&#8221;223&#8243; img_size=&#8221;full&#8221;][\/vc_column][vc_column width=&#8221;1\/2&#8243;][\/vc_column][\/vc_row][vc_row][vc_column][vc_empty_space height=&#8221;8em&#8221; alter_height=&#8221;none&#8221; hide_on_mobile=&#8221;&#8221;][\/vc_column][\/vc_row][vc_row][vc_column width=&#8221;1\/5&#8243;][\/vc_column][vc_column width=&#8221;1\/5&#8243;][\/vc_column][vc_column width=&#8221;1\/5&#8243;][\/vc_column][vc_column width=&#8221;1\/5&#8243;][\/vc_column][vc_column width=&#8221;1\/5&#8243;][\/vc_column][\/vc_row][vc_row][vc_column][vc_empty_space height=&#8221;4em&#8221; alter_height=&#8221;none&#8221; hide_on_mobile=&#8221;&#8221;][vc_column_text] Jegy\u00e1r 14 \u00e9v alatti gyermekek sz\u00e1m\u00e1ra 10 RONMaximum 200 f\u0151! [\/vc_column_text][\/vc_column][\/vc_row]","og_url":"https:\/\/patinoarulmures.ro\/hu\/kozkorcsolyazas\/","og_site_name":"Maros M\u0171j\u00e9gp\u00e1lya","article_publisher":"https:\/\/www.facebook.com\/szjamaros","article_modified_time":"2025-01-21T13:49:43+00:00","twitter_card":"summary_large_image","twitter_misc":{"Becs\u00fclt olvas\u00e1si id\u0151":"2 perc"},"schema":{"@context":"https:\/\/schema.org","@graph":[{"@type":"WebPage","@id":"https:\/\/patinoarulmures.ro\/hu\/kozkorcsolyazas\/","url":"https:\/\/patinoarulmures.ro\/hu\/kozkorcsolyazas\/","name":"K\u00f6zkorcsoly\u00e1z\u00e1s - Maros M\u0171j\u00e9gp\u00e1lya","isPartOf":{"@id":"https:\/\/patinoarulmures.ro\/hu\/#website"},"datePublished":"2022-03-21T18:23:36+00:00","dateModified":"2025-01-21T13:49:43+00:00","breadcrumb":{"@id":"https:\/\/patinoarulmures.ro\/hu\/kozkorcsolyazas\/#breadcrumb"},"inLanguage":"hu","potentialAction":[{"@type":"ReadAction","target":["https:\/\/patinoarulmures.ro\/hu\/kozkorcsolyazas\/"]}]},{"@type":"BreadcrumbList","@id":"https:\/\/patinoarulmures.ro\/hu\/kozkorcsolyazas\/#breadcrumb","itemListElement":[{"@type":"ListItem","position":1,"name":"Prima pagin\u0103","item":"https:\/\/patinoarulmures.ro\/hu\/"},{"@type":"ListItem","position":2,"name":"K\u00f6zkorcsoly\u00e1z\u00e1s"}]},{"@type":"WebSite","@id":"https:\/\/patinoarulmures.ro\/hu\/#website","url":"https:\/\/patinoarulmures.ro\/hu\/","name":"Maros M\u0171j\u00e9gp\u00e1lya","description":"Patinoarul Mure\u0219 | Maros m\u0171j\u00e9gp\u00e1lya","potentialAction":[{"@type":"SearchAction","target":{"@type":"EntryPoint","urlTemplate":"https:\/\/patinoarulmures.ro\/hu\/?s={search_term_string}"},"query-input":{"@type":"PropertyValueSpecification","valueRequired":true,"valueName":"search_term_string"}}],"inLanguage":"hu"}]}},"_links":{"self":[{"href":"https:\/\/patinoarulmures.ro\/hu\/wp-json\/wp\/v2\/pages\/186","targetHints":{"allow":["GET"]}}],"collection":[{"href":"https:\/\/patinoarulmures.ro\/hu\/wp-json\/wp\/v2\/pages"}],"about":[{"href":"https:\/\/patinoarulmures.ro\/hu\/wp-json\/wp\/v2\/types\/page"}],"author":[{"embeddable":true,"href":"https:\/\/patinoarulmures.ro\/hu\/wp-json\/wp\/v2\/users\/5"}],"replies":[{"embeddable":true,"href":"https:\/\/patinoarulmures.ro\/hu\/wp-json\/wp\/v2\/comments?post=186"}],"version-history":[{"count":20,"href":"https:\/\/patinoarulmures.ro\/hu\/wp-json\/wp\/v2\/pages\/186\/revisions"}],"predecessor-version":[{"id":2062,"href":"https:\/\/patinoarulmures.ro\/hu\/wp-json\/wp\/v2\/pages\/186\/revisions\/2062"}],"wp:attachment":[{"href":"https:\/\/patinoarulmures.ro\/hu\/wp-json\/wp\/v2\/media?parent=186"}],"curies":[{"name":"wp","href":"https:\/\/api.w.org\/{rel}","templated":true}]}}