{"id":1308,"date":"2023-01-23T09:22:08","date_gmt":"2023-01-23T07:22:08","guid":{"rendered":"https:\/\/patinoarulmures.ro\/program\/"},"modified":"2026-04-14T13:00:23","modified_gmt":"2026-04-14T11:00:23","slug":"program","status":"publish","type":"page","link":"https:\/\/patinoarulmures.ro\/hu\/program\/","title":{"rendered":"Program"},"content":{"rendered":"<p>[vc_row][vc_column]<div id=\"sc_title_356618579\"\r\n\t\tclass=\"sc_title sc_title_default\"><h3 class=\"sc_item_title sc_title_title sc_align_center sc_item_title_style_default sc_item_title_tag\">Program public<\/h3><div class=\"sc_item_descr sc_title_descr sc_align_center\">2025.01.20 - 2025.01.26.<\/div><\/div><!-- \/.sc_title -->[vc_empty_space height=&#8221;3em&#8221; alter_height=&#8221;none&#8221; hide_on_mobile=&#8221;&#8221;][vc_row_inner][vc_column_inner width=&#8221;1\/4&#8243; css=&#8221;.vc_custom_1737463925119{border-radius: 3px !important;}&#8221;][vc_text_separator title=&#8221;H\u00e9tf\u0151&#8221;][vc_column_text]<\/p>\n<p style=\"text-align: center;\">Z\u00e1rva<\/p>\n<p>[\/vc_column_text][\/vc_column_inner][vc_column_inner width=&#8221;1\/4&#8243;][vc_text_separator title=&#8221;Kedd&#8221;][vc_column_text]<\/p>\n<p style=\"text-align: center;\">Z\u00e1rva<\/p>\n<p>[\/vc_column_text][\/vc_column_inner][vc_column_inner width=&#8221;1\/4&#8243;][vc_text_separator title=&#8221;Szerda&#8221;][vc_column_text]<\/p>\n<p style=\"text-align: center;\">Z\u00e1rva<\/p>\n<p>[\/vc_column_text][\/vc_column_inner][vc_column_inner width=&#8221;1\/4&#8243;][vc_text_separator title=&#8221;Cs\u00fct\u00f6rt\u00f6k&#8221;][vc_column_text]<\/p>\n<p style=\"text-align: center;\">Z\u00e1rva<\/p>\n<p>[\/vc_column_text][\/vc_column_inner][\/vc_row_inner][vc_empty_space height=&#8221;3em&#8221; alter_height=&#8221;none&#8221; hide_on_mobile=&#8221;&#8221;][vc_row_inner][vc_column_inner width=&#8221;1\/3&#8243;][vc_text_separator title=&#8221;P\u00e9ntek&#8221;][vc_column_text]<\/p>\n<p style=\"text-align: center;\">Z\u00e1rva<\/p>\n<p>[\/vc_column_text][\/vc_column_inner][vc_column_inner width=&#8221;1\/3&#8243;][vc_text_separator title=&#8221;Szombat&#8221;][vc_column_text]<\/p>\n<p style=\"text-align: center;\">Z\u00e1rva<\/p>\n<p>[\/vc_column_text][\/vc_column_inner][vc_column_inner width=&#8221;1\/3&#8243;][vc_text_separator title=&#8221;Vas\u00e1rnap&#8221;][vc_column_text]<\/p>\n<p style=\"text-align: center;\">Z\u00e1rva<\/p>\n<p>[\/vc_column_text][\/vc_column_inner][\/vc_row_inner][\/vc_column][\/vc_row][vc_row][vc_column][vc_empty_space height=&#8221;8em&#8221; alter_height=&#8221;none&#8221; hide_on_mobile=&#8221;&#8221;]<div id=\"sc_title_415011927\"\r\n\t\tclass=\"sc_title sc_title_default\"><h3 class=\"sc_item_title sc_title_title sc_align_center sc_item_title_style_default sc_item_title_tag\">\u00c1rak<\/h3><\/div><!-- \/.sc_title -->[\/vc_column][\/vc_row][vc_row][vc_column width=&#8221;1\/5&#8243;]<div  id=\"sc_price_1730355118\" \r\n\tclass=\"sc_price sc_price_default\"><div class=\"sc_price_info\"><div class=\"sc_price_title\"><a href=\"#\">Feln\u0151tt jegy<\/a><\/div><div class=\"sc_price_price\">\r\n\t\t\t\t<span class=\"sc_price_value_bg\">20 RON\t\t\t\t<\/span>\r\n\t\t\t\t<span class=\"sc_price_value\">\r\n\t\t\t\t\t20 RON\t\t\t\t<\/span><\/div><\/div>\r\n<\/div>[\/vc_column][vc_column width=&#8221;1\/5&#8243;]<div  id=\"sc_price_1394382236\" \r\n\tclass=\"sc_price sc_price_default\"><div class=\"sc_price_info\"><div class=\"sc_price_title\"><a href=\"#\">Gyerek jegy<\/a><\/div><div class=\"sc_price_price\">\r\n\t\t\t\t<span class=\"sc_price_value_bg\">10 RON\t\t\t\t<\/span>\r\n\t\t\t\t<span class=\"sc_price_value\">\r\n\t\t\t\t\t10 RON\t\t\t\t<\/span><\/div><\/div>\r\n<\/div>[\/vc_column][vc_column width=&#8221;1\/5&#8243;]<div  id=\"sc_price_322720139\" \r\n\tclass=\"sc_price sc_price_default\"><div class=\"sc_price_info\"><div class=\"sc_price_title\"><a href=\"#\">Ice Disco<\/a><\/div><div class=\"sc_price_price\">\r\n\t\t\t\t<span class=\"sc_price_value_bg\">25 RON\t\t\t\t<\/span>\r\n\t\t\t\t<span class=\"sc_price_value\">\r\n\t\t\t\t\t25 RON\t\t\t\t<\/span><\/div><\/div>\r\n<\/div>[\/vc_column][vc_column width=&#8221;1\/5&#8243;]<div  id=\"sc_price_1618647846\" \r\n\tclass=\"sc_price sc_price_default\"><div class=\"sc_price_info\"><div class=\"sc_price_title\"><a href=\"#\">Fen\u00e9s<\/a><\/div><div class=\"sc_price_price\">\r\n\t\t\t\t<span class=\"sc_price_value_bg\">20 RON\t\t\t\t<\/span>\r\n\t\t\t\t<span class=\"sc_price_value\">\r\n\t\t\t\t\t20 RON\t\t\t\t<\/span><\/div><\/div>\r\n<\/div>[\/vc_column][vc_column width=&#8221;1\/5&#8243;]<div  id=\"sc_price_2142960299\" \r\n\tclass=\"sc_price sc_price_default\"><div class=\"sc_price_info\"><div class=\"sc_price_title\"><a href=\"#\">K\u00f6lcs\u00f6nz\u00e9s<\/a><\/div><div class=\"sc_price_price\">\r\n\t\t\t\t<span class=\"sc_price_value_bg\">20 RON\t\t\t\t<\/span>\r\n\t\t\t\t<span class=\"sc_price_value\">\r\n\t\t\t\t\t20 RON\t\t\t\t<\/span><\/div><\/div>\r\n<\/div>[\/vc_column][\/vc_row][vc_row][vc_column][vc_empty_space height=&#8221;4em&#8221; alter_height=&#8221;none&#8221; hide_on_mobile=&#8221;&#8221;][vc_column_text]Jegy\u00e1r 14 \u00e9v alatti gyermekek sz\u00e1m\u00e1ra <strong>10 RON<\/strong><br \/>\nMaximum <strong>200<\/strong> f\u0151!<br \/>\nA programv\u00e1ltoztat\u00e1s jog\u00e1t fenntartjuk!<br \/>\nMinden korcsoly\u00e1z\u00f3 saj\u00e1t felel\u0151ss\u00e9g\u00e9re korcsoly\u00e1zik. A p\u00e1lya ter\u00fclet\u00e9n bek\u00f6vetkez\u0151 balesetek\u00e9rt felel\u0151ss\u00e9get nem v\u00e1llalunk.[\/vc_column_text][\/vc_column][\/vc_row]<\/p>\n","protected":false},"excerpt":{"rendered":"<p>[vc_row][vc_column][vc_empty_space height=&#8221;3em&#8221; alter_height=&#8221;none&#8221; hide_on_mobile=&#8221;&#8221;][vc_row_inner][vc_column_inner width=&#8221;1\/4&#8243; css=&#8221;.vc_custom_1737463925119{border-radius: 3px !important;}&#8221;][vc_text_separator title=&#8221;H\u00e9tf\u0151&#8221;][vc_column_text] Z\u00e1rva [\/vc_column_text][\/vc_column_inner][vc_column_inner width=&#8221;1\/4&#8243;][vc_text_separator title=&#8221;Kedd&#8221;][vc_column_text] Z\u00e1rva [\/vc_column_text][\/vc_column_inner][vc_column_inner width=&#8221;1\/4&#8243;][vc_text_separator title=&#8221;Szerda&#8221;][vc_column_text] Z\u00e1rva [\/vc_column_text][\/vc_column_inner][vc_column_inner width=&#8221;1\/4&#8243;][vc_text_separator title=&#8221;Cs\u00fct\u00f6rt\u00f6k&#8221;][vc_column_text] Z\u00e1rva [\/vc_column_text][\/vc_column_inner][\/vc_row_inner][vc_empty_space height=&#8221;3em&#8221; alter_height=&#8221;none&#8221; hide_on_mobile=&#8221;&#8221;][vc_row_inner][vc_column_inner width=&#8221;1\/3&#8243;][vc_text_separator title=&#8221;P\u00e9ntek&#8221;][vc_column_text] Z\u00e1rva [\/vc_column_text][\/vc_column_inner][vc_column_inner width=&#8221;1\/3&#8243;][vc_text_separator title=&#8221;Szombat&#8221;][vc_column_text] Z\u00e1rva [\/vc_column_text][\/vc_column_inner][vc_column_inner width=&#8221;1\/3&#8243;][vc_text_separator title=&#8221;Vas\u00e1rnap&#8221;][vc_column_text] Z\u00e1rva [\/vc_column_text][\/vc_column_inner][\/vc_row_inner][\/vc_column][\/vc_row][vc_row][vc_column][vc_empty_space height=&#8221;8em&#8221; alter_height=&#8221;none&#8221; hide_on_mobile=&#8221;&#8221;][\/vc_column][\/vc_row][vc_row][vc_column width=&#8221;1\/5&#8243;][\/vc_column][vc_column width=&#8221;1\/5&#8243;][\/vc_column][vc_column width=&#8221;1\/5&#8243;][\/vc_column][vc_column width=&#8221;1\/5&#8243;][\/vc_column][vc_column width=&#8221;1\/5&#8243;][\/vc_column][\/vc_row][vc_row][vc_column][vc_empty_space height=&#8221;4em&#8221; alter_height=&#8221;none&#8221; hide_on_mobile=&#8221;&#8221;][vc_column_text]Jegy\u00e1r 14 \u00e9v alatti gyermekek sz\u00e1m\u00e1ra 10 RON Maximum 200 f\u0151! A&hellip;<\/p>\n","protected":false},"author":5,"featured_media":0,"parent":0,"menu_order":0,"comment_status":"closed","ping_status":"closed","template":"","meta":{"_monsterinsights_skip_tracking":false,"_monsterinsights_sitenote_active":false,"_monsterinsights_sitenote_note":"","_monsterinsights_sitenote_category":0,"footnotes":""},"class_list":["post-1308","page","type-page","status-publish","hentry"],"yoast_head":"<!-- This site is optimized with the Yoast SEO plugin v27.4 - https:\/\/yoast.com\/product\/yoast-seo-wordpress\/ -->\n<title>Program - Maros M\u0171j\u00e9gp\u00e1lya<\/title>\n<meta name=\"robots\" content=\"index, follow, max-snippet:-1, max-image-preview:large, max-video-preview:-1\" \/>\n<link rel=\"canonical\" href=\"https:\/\/patinoarulmures.ro\/hu\/program\/\" \/>\n<meta property=\"og:locale\" content=\"hu_HU\" \/>\n<meta property=\"og:type\" content=\"article\" \/>\n<meta property=\"og:title\" content=\"Program - Maros M\u0171j\u00e9gp\u00e1lya\" \/>\n<meta property=\"og:description\" content=\"[vc_row][vc_column][vc_empty_space height=&#8221;3em&#8221; alter_height=&#8221;none&#8221; hide_on_mobile=&#8221;&#8221;][vc_row_inner][vc_column_inner width=&#8221;1\/4&#8243; css=&#8221;.vc_custom_1737463925119{border-radius: 3px !important;}&#8221;][vc_text_separator title=&#8221;H\u00e9tf\u0151&#8221;][vc_column_text] Z\u00e1rva [\/vc_column_text][\/vc_column_inner][vc_column_inner width=&#8221;1\/4&#8243;][vc_text_separator title=&#8221;Kedd&#8221;][vc_column_text] Z\u00e1rva [\/vc_column_text][\/vc_column_inner][vc_column_inner width=&#8221;1\/4&#8243;][vc_text_separator title=&#8221;Szerda&#8221;][vc_column_text] Z\u00e1rva [\/vc_column_text][\/vc_column_inner][vc_column_inner width=&#8221;1\/4&#8243;][vc_text_separator title=&#8221;Cs\u00fct\u00f6rt\u00f6k&#8221;][vc_column_text] Z\u00e1rva [\/vc_column_text][\/vc_column_inner][\/vc_row_inner][vc_empty_space height=&#8221;3em&#8221; alter_height=&#8221;none&#8221; hide_on_mobile=&#8221;&#8221;][vc_row_inner][vc_column_inner width=&#8221;1\/3&#8243;][vc_text_separator title=&#8221;P\u00e9ntek&#8221;][vc_column_text] Z\u00e1rva [\/vc_column_text][\/vc_column_inner][vc_column_inner width=&#8221;1\/3&#8243;][vc_text_separator title=&#8221;Szombat&#8221;][vc_column_text] Z\u00e1rva [\/vc_column_text][\/vc_column_inner][vc_column_inner width=&#8221;1\/3&#8243;][vc_text_separator title=&#8221;Vas\u00e1rnap&#8221;][vc_column_text] Z\u00e1rva [\/vc_column_text][\/vc_column_inner][\/vc_row_inner][\/vc_column][\/vc_row][vc_row][vc_column][vc_empty_space height=&#8221;8em&#8221; alter_height=&#8221;none&#8221; hide_on_mobile=&#8221;&#8221;][\/vc_column][\/vc_row][vc_row][vc_column width=&#8221;1\/5&#8243;][\/vc_column][vc_column width=&#8221;1\/5&#8243;][\/vc_column][vc_column width=&#8221;1\/5&#8243;][\/vc_column][vc_column width=&#8221;1\/5&#8243;][\/vc_column][vc_column width=&#8221;1\/5&#8243;][\/vc_column][\/vc_row][vc_row][vc_column][vc_empty_space height=&#8221;4em&#8221; alter_height=&#8221;none&#8221; hide_on_mobile=&#8221;&#8221;][vc_column_text]Jegy\u00e1r 14 \u00e9v alatti gyermekek sz\u00e1m\u00e1ra 10 RON Maximum 200 f\u0151! A&hellip;\" \/>\n<meta property=\"og:url\" content=\"https:\/\/patinoarulmures.ro\/hu\/program\/\" \/>\n<meta property=\"og:site_name\" content=\"Maros M\u0171j\u00e9gp\u00e1lya\" \/>\n<meta property=\"article:publisher\" content=\"https:\/\/www.facebook.com\/szjamaros\" \/>\n<meta property=\"article:modified_time\" content=\"2026-04-14T11:00:23+00:00\" \/>\n<meta name=\"twitter:card\" content=\"summary_large_image\" \/>\n<meta name=\"twitter:label1\" content=\"Becs\u00fclt olvas\u00e1si id\u0151\" \/>\n\t<meta name=\"twitter:data1\" content=\"2 perc\" \/>\n<script type=\"application\/ld+json\" class=\"yoast-schema-graph\">{\"@context\":\"https:\\\/\\\/schema.org\",\"@graph\":[{\"@type\":\"WebPage\",\"@id\":\"https:\\\/\\\/patinoarulmures.ro\\\/hu\\\/program\\\/\",\"url\":\"https:\\\/\\\/patinoarulmures.ro\\\/hu\\\/program\\\/\",\"name\":\"Program - Maros M\u0171j\u00e9gp\u00e1lya\",\"isPartOf\":{\"@id\":\"https:\\\/\\\/patinoarulmures.ro\\\/hu\\\/#website\"},\"datePublished\":\"2023-01-23T07:22:08+00:00\",\"dateModified\":\"2026-04-14T11:00:23+00:00\",\"breadcrumb\":{\"@id\":\"https:\\\/\\\/patinoarulmures.ro\\\/hu\\\/program\\\/#breadcrumb\"},\"inLanguage\":\"hu\",\"potentialAction\":[{\"@type\":\"ReadAction\",\"target\":[\"https:\\\/\\\/patinoarulmures.ro\\\/hu\\\/program\\\/\"]}]},{\"@type\":\"BreadcrumbList\",\"@id\":\"https:\\\/\\\/patinoarulmures.ro\\\/hu\\\/program\\\/#breadcrumb\",\"itemListElement\":[{\"@type\":\"ListItem\",\"position\":1,\"name\":\"Prima pagin\u0103\",\"item\":\"https:\\\/\\\/patinoarulmures.ro\\\/hu\\\/\"},{\"@type\":\"ListItem\",\"position\":2,\"name\":\"Program\"}]},{\"@type\":\"WebSite\",\"@id\":\"https:\\\/\\\/patinoarulmures.ro\\\/hu\\\/#website\",\"url\":\"https:\\\/\\\/patinoarulmures.ro\\\/hu\\\/\",\"name\":\"Maros M\u0171j\u00e9gp\u00e1lya\",\"description\":\"Patinoarul Mure\u0219 | Maros m\u0171j\u00e9gp\u00e1lya\",\"potentialAction\":[{\"@type\":\"SearchAction\",\"target\":{\"@type\":\"EntryPoint\",\"urlTemplate\":\"https:\\\/\\\/patinoarulmures.ro\\\/hu\\\/?s={search_term_string}\"},\"query-input\":{\"@type\":\"PropertyValueSpecification\",\"valueRequired\":true,\"valueName\":\"search_term_string\"}}],\"inLanguage\":\"hu\"}]}<\/script>\n<!-- \/ Yoast SEO plugin. -->","yoast_head_json":{"title":"Program - Maros M\u0171j\u00e9gp\u00e1lya","robots":{"index":"index","follow":"follow","max-snippet":"max-snippet:-1","max-image-preview":"max-image-preview:large","max-video-preview":"max-video-preview:-1"},"canonical":"https:\/\/patinoarulmures.ro\/hu\/program\/","og_locale":"hu_HU","og_type":"article","og_title":"Program - Maros M\u0171j\u00e9gp\u00e1lya","og_description":"[vc_row][vc_column][vc_empty_space height=&#8221;3em&#8221; alter_height=&#8221;none&#8221; hide_on_mobile=&#8221;&#8221;][vc_row_inner][vc_column_inner width=&#8221;1\/4&#8243; css=&#8221;.vc_custom_1737463925119{border-radius: 3px !important;}&#8221;][vc_text_separator title=&#8221;H\u00e9tf\u0151&#8221;][vc_column_text] Z\u00e1rva [\/vc_column_text][\/vc_column_inner][vc_column_inner width=&#8221;1\/4&#8243;][vc_text_separator title=&#8221;Kedd&#8221;][vc_column_text] Z\u00e1rva [\/vc_column_text][\/vc_column_inner][vc_column_inner width=&#8221;1\/4&#8243;][vc_text_separator title=&#8221;Szerda&#8221;][vc_column_text] Z\u00e1rva [\/vc_column_text][\/vc_column_inner][vc_column_inner width=&#8221;1\/4&#8243;][vc_text_separator title=&#8221;Cs\u00fct\u00f6rt\u00f6k&#8221;][vc_column_text] Z\u00e1rva [\/vc_column_text][\/vc_column_inner][\/vc_row_inner][vc_empty_space height=&#8221;3em&#8221; alter_height=&#8221;none&#8221; hide_on_mobile=&#8221;&#8221;][vc_row_inner][vc_column_inner width=&#8221;1\/3&#8243;][vc_text_separator title=&#8221;P\u00e9ntek&#8221;][vc_column_text] Z\u00e1rva [\/vc_column_text][\/vc_column_inner][vc_column_inner width=&#8221;1\/3&#8243;][vc_text_separator title=&#8221;Szombat&#8221;][vc_column_text] Z\u00e1rva [\/vc_column_text][\/vc_column_inner][vc_column_inner width=&#8221;1\/3&#8243;][vc_text_separator title=&#8221;Vas\u00e1rnap&#8221;][vc_column_text] Z\u00e1rva [\/vc_column_text][\/vc_column_inner][\/vc_row_inner][\/vc_column][\/vc_row][vc_row][vc_column][vc_empty_space height=&#8221;8em&#8221; alter_height=&#8221;none&#8221; hide_on_mobile=&#8221;&#8221;][\/vc_column][\/vc_row][vc_row][vc_column width=&#8221;1\/5&#8243;][\/vc_column][vc_column width=&#8221;1\/5&#8243;][\/vc_column][vc_column width=&#8221;1\/5&#8243;][\/vc_column][vc_column width=&#8221;1\/5&#8243;][\/vc_column][vc_column width=&#8221;1\/5&#8243;][\/vc_column][\/vc_row][vc_row][vc_column][vc_empty_space height=&#8221;4em&#8221; alter_height=&#8221;none&#8221; hide_on_mobile=&#8221;&#8221;][vc_column_text]Jegy\u00e1r 14 \u00e9v alatti gyermekek sz\u00e1m\u00e1ra 10 RON Maximum 200 f\u0151! A&hellip;","og_url":"https:\/\/patinoarulmures.ro\/hu\/program\/","og_site_name":"Maros M\u0171j\u00e9gp\u00e1lya","article_publisher":"https:\/\/www.facebook.com\/szjamaros","article_modified_time":"2026-04-14T11:00:23+00:00","twitter_card":"summary_large_image","twitter_misc":{"Becs\u00fclt olvas\u00e1si id\u0151":"2 perc"},"schema":{"@context":"https:\/\/schema.org","@graph":[{"@type":"WebPage","@id":"https:\/\/patinoarulmures.ro\/hu\/program\/","url":"https:\/\/patinoarulmures.ro\/hu\/program\/","name":"Program - Maros M\u0171j\u00e9gp\u00e1lya","isPartOf":{"@id":"https:\/\/patinoarulmures.ro\/hu\/#website"},"datePublished":"2023-01-23T07:22:08+00:00","dateModified":"2026-04-14T11:00:23+00:00","breadcrumb":{"@id":"https:\/\/patinoarulmures.ro\/hu\/program\/#breadcrumb"},"inLanguage":"hu","potentialAction":[{"@type":"ReadAction","target":["https:\/\/patinoarulmures.ro\/hu\/program\/"]}]},{"@type":"BreadcrumbList","@id":"https:\/\/patinoarulmures.ro\/hu\/program\/#breadcrumb","itemListElement":[{"@type":"ListItem","position":1,"name":"Prima pagin\u0103","item":"https:\/\/patinoarulmures.ro\/hu\/"},{"@type":"ListItem","position":2,"name":"Program"}]},{"@type":"WebSite","@id":"https:\/\/patinoarulmures.ro\/hu\/#website","url":"https:\/\/patinoarulmures.ro\/hu\/","name":"Maros M\u0171j\u00e9gp\u00e1lya","description":"Patinoarul Mure\u0219 | Maros m\u0171j\u00e9gp\u00e1lya","potentialAction":[{"@type":"SearchAction","target":{"@type":"EntryPoint","urlTemplate":"https:\/\/patinoarulmures.ro\/hu\/?s={search_term_string}"},"query-input":{"@type":"PropertyValueSpecification","valueRequired":true,"valueName":"search_term_string"}}],"inLanguage":"hu"}]}},"_links":{"self":[{"href":"https:\/\/patinoarulmures.ro\/hu\/wp-json\/wp\/v2\/pages\/1308","targetHints":{"allow":["GET"]}}],"collection":[{"href":"https:\/\/patinoarulmures.ro\/hu\/wp-json\/wp\/v2\/pages"}],"about":[{"href":"https:\/\/patinoarulmures.ro\/hu\/wp-json\/wp\/v2\/types\/page"}],"author":[{"embeddable":true,"href":"https:\/\/patinoarulmures.ro\/hu\/wp-json\/wp\/v2\/users\/5"}],"replies":[{"embeddable":true,"href":"https:\/\/patinoarulmures.ro\/hu\/wp-json\/wp\/v2\/comments?post=1308"}],"version-history":[{"count":73,"href":"https:\/\/patinoarulmures.ro\/hu\/wp-json\/wp\/v2\/pages\/1308\/revisions"}],"predecessor-version":[{"id":2288,"href":"https:\/\/patinoarulmures.ro\/hu\/wp-json\/wp\/v2\/pages\/1308\/revisions\/2288"}],"wp:attachment":[{"href":"https:\/\/patinoarulmures.ro\/hu\/wp-json\/wp\/v2\/media?parent=1308"}],"curies":[{"name":"wp","href":"https:\/\/api.w.org\/{rel}","templated":true}]}}